{"id":26467,"date":"2023-07-04T08:16:34","date_gmt":"2023-07-04T06:16:34","guid":{"rendered":"https:\/\/eyelaser.at\/schimb-de-lentile-refractive-si-operatie-de-cataracta-fara-cataracta-vedere-defectuoasa-presbiopie-si-ajutoare-vizuale\/"},"modified":"2026-01-14T18:48:37","modified_gmt":"2026-01-14T17:48:37","slug":"schimb-de-lentile-refractive-si-operatie-de-cataracta-fara-cataracta-vedere-defectuoasa-presbiopie-si-ajutoare-vizuale","status":"publish","type":"page","link":"https:\/\/eyelaser.at\/ro\/schimb-de-lentile-refractive-si-operatie-de-cataracta-fara-cataracta-vedere-defectuoasa-presbiopie-si-ajutoare-vizuale\/","title":{"rendered":"Schimb de lentile refractive \u0219i opera\u021bie de cataract\u0103: f\u0103r\u0103 cataract\u0103, vedere defectuoas\u0103, presbiopie \u0219i ajutoare vizuale"},"content":{"rendered":"","protected":false},"excerpt":{"rendered":"","protected":false},"author":9,"featured_media":0,"parent":0,"menu_order":0,"comment_status":"closed","ping_status":"closed","template":"page-flexible-content.php","meta":{"_acf_changed":false,"footnotes":""},"class_list":["post-26467","page","type-page","status-publish","hentry"],"acf":[],"_links":{"self":[{"href":"https:\/\/eyelaser.at\/ro\/wp-json\/wp\/v2\/pages\/26467","targetHints":{"allow":["GET"]}}],"collection":[{"href":"https:\/\/eyelaser.at\/ro\/wp-json\/wp\/v2\/pages"}],"about":[{"href":"https:\/\/eyelaser.at\/ro\/wp-json\/wp\/v2\/types\/page"}],"author":[{"embeddable":true,"href":"https:\/\/eyelaser.at\/ro\/wp-json\/wp\/v2\/users\/9"}],"replies":[{"embeddable":true,"href":"https:\/\/eyelaser.at\/ro\/wp-json\/wp\/v2\/comments?post=26467"}],"version-history":[{"count":0,"href":"https:\/\/eyelaser.at\/ro\/wp-json\/wp\/v2\/pages\/26467\/revisions"}],"wp:attachment":[{"href":"https:\/\/eyelaser.at\/ro\/wp-json\/wp\/v2\/media?parent=26467"}],"curies":[{"name":"wp","href":"https:\/\/api.w.org\/{rel}","templated":true}]}}