{"id":26444,"date":"2023-08-24T10:57:06","date_gmt":"2023-08-24T08:57:06","guid":{"rendered":"https:\/\/eyelaser.at\/relex-smile\/"},"modified":"2025-09-03T21:03:53","modified_gmt":"2025-09-03T19:03:53","slug":"relex-smile","status":"publish","type":"page","link":"https:\/\/eyelaser.at\/ro\/relex-smile\/","title":{"rendered":"ReLEx SMILE"},"content":{"rendered":"<p><span style=\"font-weight: 400;\">Tehnologia de ultim\u0103 or\u0103 face posibil\u0103 modelarea corneei astfel \u00eenc\u00e2t s\u0103 pute\u021bi vedea clar f\u0103r\u0103 ochelari sau lentile de contact. ReLEx SMILE (Pro) cu ZEISS VISUMAX 500 \/ 800 este una dintre cele trei proceduri principale de extrac\u021bie a lenticulelor &#8211; v\u0103 oferim informa\u021bii transparente despre cerin\u021be, beneficii, procedura de tratament, costuri \u0219i riscuri!   <\/span><\/p>\n","protected":false},"excerpt":{"rendered":"<p>Tehnologia de ultim\u0103 or\u0103 face posibil\u0103 modelarea corneei astfel \u00eenc\u00e2t s\u0103 pute\u021bi vedea clar f\u0103r\u0103 ochelari sau lentile de contact&#8230;.<\/p>\n","protected":false},"author":9,"featured_media":0,"parent":0,"menu_order":0,"comment_status":"closed","ping_status":"closed","template":"page-flexible-content.php","meta":{"_acf_changed":false,"footnotes":""},"class_list":["post-26444","page","type-page","status-publish","hentry"],"acf":[],"_links":{"self":[{"href":"https:\/\/eyelaser.at\/ro\/wp-json\/wp\/v2\/pages\/26444","targetHints":{"allow":["GET"]}}],"collection":[{"href":"https:\/\/eyelaser.at\/ro\/wp-json\/wp\/v2\/pages"}],"about":[{"href":"https:\/\/eyelaser.at\/ro\/wp-json\/wp\/v2\/types\/page"}],"author":[{"embeddable":true,"href":"https:\/\/eyelaser.at\/ro\/wp-json\/wp\/v2\/users\/9"}],"replies":[{"embeddable":true,"href":"https:\/\/eyelaser.at\/ro\/wp-json\/wp\/v2\/comments?post=26444"}],"version-history":[{"count":0,"href":"https:\/\/eyelaser.at\/ro\/wp-json\/wp\/v2\/pages\/26444\/revisions"}],"wp:attachment":[{"href":"https:\/\/eyelaser.at\/ro\/wp-json\/wp\/v2\/media?parent=26444"}],"curies":[{"name":"wp","href":"https:\/\/api.w.org\/{rel}","templated":true}]}}