{"id":24972,"date":"2023-10-03T12:59:46","date_gmt":"2023-10-03T10:59:46","guid":{"rendered":"https:\/\/eyelaser.at\/laserowa-chirurgia-oka-lasik\/"},"modified":"2026-01-14T18:47:49","modified_gmt":"2026-01-14T17:47:49","slug":"laserowa-chirurgia-oka-lasik","status":"publish","type":"page","link":"https:\/\/eyelaser.at\/pl\/laserowa-chirurgia-oka-lasik\/","title":{"rendered":"Laserowa chirurgia oka LASIK"},"content":{"rendered":"<p>Ponad 30 lat temu chirurgia LASIK by\u0142a jedn\u0105 z pierwszych procedur refrakcyjnej korekcji wzroku stosowanych w leczeniu kr\u00f3tkowzroczno\u015bci, dalekowzroczno\u015bci i astygmatyzmu.<\/p>\n<p>Dzi\u015b w EyeLaser stawiamy na nowoczesny Femto-LASIK. Jest to bezpieczniejsze, skuteczniejsze i bardziej precyzyjne rozwi\u0105zanie. <\/p>\n","protected":false},"excerpt":{"rendered":"<p>Ponad 30 lat temu chirurgia LASIK by\u0142a jedn\u0105 z pierwszych procedur refrakcyjnej korekcji wzroku stosowanych w leczeniu kr\u00f3tkowzroczno\u015bci, dalekowzroczno\u015bci i&#8230;<\/p>\n","protected":false},"author":23,"featured_media":0,"parent":0,"menu_order":0,"comment_status":"closed","ping_status":"closed","template":"page-flexible-content.php","meta":{"_acf_changed":false,"footnotes":""},"class_list":["post-24972","page","type-page","status-publish","hentry"],"acf":[],"_links":{"self":[{"href":"https:\/\/eyelaser.at\/pl\/wp-json\/wp\/v2\/pages\/24972","targetHints":{"allow":["GET"]}}],"collection":[{"href":"https:\/\/eyelaser.at\/pl\/wp-json\/wp\/v2\/pages"}],"about":[{"href":"https:\/\/eyelaser.at\/pl\/wp-json\/wp\/v2\/types\/page"}],"author":[{"embeddable":true,"href":"https:\/\/eyelaser.at\/pl\/wp-json\/wp\/v2\/users\/23"}],"replies":[{"embeddable":true,"href":"https:\/\/eyelaser.at\/pl\/wp-json\/wp\/v2\/comments?post=24972"}],"version-history":[{"count":0,"href":"https:\/\/eyelaser.at\/pl\/wp-json\/wp\/v2\/pages\/24972\/revisions"}],"wp:attachment":[{"href":"https:\/\/eyelaser.at\/pl\/wp-json\/wp\/v2\/media?parent=24972"}],"curies":[{"name":"wp","href":"https:\/\/api.w.org\/{rel}","templated":true}]}}