{"id":24967,"date":"2022-02-03T18:24:19","date_gmt":"2022-02-03T17:24:19","guid":{"rendered":"https:\/\/eyelaser.at\/laserowa-operacja-zacmy\/"},"modified":"2026-01-14T18:46:06","modified_gmt":"2026-01-14T17:46:06","slug":"laserowa-operacja-zacmy","status":"publish","type":"page","link":"https:\/\/eyelaser.at\/pl\/laserowa-operacja-zacmy\/","title":{"rendered":"Za\u0107ma (katarakta): Ponownie widzie\u0107 wyra\u017anie"},"content":{"rendered":"","protected":false},"excerpt":{"rendered":"","protected":false},"author":9,"featured_media":33577,"parent":0,"menu_order":0,"comment_status":"closed","ping_status":"closed","template":"page-flexible-content.php","meta":{"_acf_changed":false,"footnotes":""},"class_list":["post-24967","page","type-page","status-publish","has-post-thumbnail","hentry"],"acf":[],"_links":{"self":[{"href":"https:\/\/eyelaser.at\/pl\/wp-json\/wp\/v2\/pages\/24967","targetHints":{"allow":["GET"]}}],"collection":[{"href":"https:\/\/eyelaser.at\/pl\/wp-json\/wp\/v2\/pages"}],"about":[{"href":"https:\/\/eyelaser.at\/pl\/wp-json\/wp\/v2\/types\/page"}],"author":[{"embeddable":true,"href":"https:\/\/eyelaser.at\/pl\/wp-json\/wp\/v2\/users\/9"}],"replies":[{"embeddable":true,"href":"https:\/\/eyelaser.at\/pl\/wp-json\/wp\/v2\/comments?post=24967"}],"version-history":[{"count":0,"href":"https:\/\/eyelaser.at\/pl\/wp-json\/wp\/v2\/pages\/24967\/revisions"}],"wp:featuredmedia":[{"embeddable":true,"href":"https:\/\/eyelaser.at\/pl\/wp-json\/wp\/v2\/media\/33577"}],"wp:attachment":[{"href":"https:\/\/eyelaser.at\/pl\/wp-json\/wp\/v2\/media?parent=24967"}],"curies":[{"name":"wp","href":"https:\/\/api.w.org\/{rel}","templated":true}]}}